{"id":941,"date":"2025-03-20T19:04:32","date_gmt":"2025-03-20T19:04:32","guid":{"rendered":"https:\/\/happysummer.edu.hn\/?page_id=941"},"modified":"2026-02-16T17:27:07","modified_gmt":"2026-02-16T17:27:07","slug":"valor-del-mes","status":"publish","type":"page","link":"https:\/\/happysummer.edu.hn\/?page_id=941","title":{"rendered":"Valor del mes"},"content":{"rendered":"\n<p><strong>AMISTAD<\/strong>.<\/p>\n\n\n\n<p><strong>La amistad es una\u00a0<strong>relaci\u00f3n afectiva que se establece entre dos o m\u00e1s personas y se caracteriza por la confianza, la lealtad y el apoyo mutuo<\/strong>. Es un v\u00ednculo que se cultiva con el tiempo y se fundamenta en el respeto y el afecto rec\u00edproco.<\/strong><\/p>\n\n\n\n<pre id=\"tw-target-text\" class=\"wp-block-preformatted\"><strong>FRIENDSHIP<br>Friendship is an affectionate relationship established between two or more people, characterized by trust, loyalty, and mutual support. It is a bond that develops over time and is based on mutual respect and affection.<\/strong><\/pre>\n\n\n\n<figure class=\"wp-block-image size-large\"><img fetchpriority=\"high\" decoding=\"async\" width=\"683\" height=\"1024\" src=\"https:\/\/happysummer.edu.hn\/wp-content\/uploads\/2026\/02\/AMISTAD-2-683x1024.jpg\" alt=\"\" class=\"wp-image-3278\" srcset=\"https:\/\/happysummer.edu.hn\/wp-content\/uploads\/2026\/02\/AMISTAD-2-683x1024.jpg 683w, https:\/\/happysummer.edu.hn\/wp-content\/uploads\/2026\/02\/AMISTAD-2-200x300.jpg 200w, https:\/\/happysummer.edu.hn\/wp-content\/uploads\/2026\/02\/AMISTAD-2.jpg 736w\" sizes=\"(max-width: 683px) 100vw, 683px\" \/><\/figure>\n\n\n\n<figure class=\"wp-block-image size-full\"><img decoding=\"async\" width=\"610\" height=\"882\" src=\"https:\/\/happysummer.edu.hn\/wp-content\/uploads\/2026\/02\/VALOR-AMISTAD-1.jpg\" alt=\"\" class=\"wp-image-3279\" srcset=\"https:\/\/happysummer.edu.hn\/wp-content\/uploads\/2026\/02\/VALOR-AMISTAD-1.jpg 610w, https:\/\/happysummer.edu.hn\/wp-content\/uploads\/2026\/02\/VALOR-AMISTAD-1-207x300.jpg 207w\" sizes=\"(max-width: 610px) 100vw, 610px\" \/><\/figure>\n","protected":false},"excerpt":{"rendered":"<p>AMISTAD. La amistad es una\u00a0relaci\u00f3n afectiva que se establece entre dos o m\u00e1s personas y se caracteriza por la confianza, la lealtad y el apoyo mutuo. Es un v\u00ednculo que se cultiva con el tiempo y se fundamenta en el respeto y el afecto rec\u00edproco. FRIENDSHIPFriendship is an affectionate relationship established between two or more&hellip;<\/p>\n","protected":false},"author":2,"featured_media":0,"parent":0,"menu_order":0,"comment_status":"closed","ping_status":"closed","template":"","meta":{"footnotes":""},"class_list":["post-941","page","type-page","status-publish","hentry"],"_links":{"self":[{"href":"https:\/\/happysummer.edu.hn\/index.php?rest_route=\/wp\/v2\/pages\/941","targetHints":{"allow":["GET"]}}],"collection":[{"href":"https:\/\/happysummer.edu.hn\/index.php?rest_route=\/wp\/v2\/pages"}],"about":[{"href":"https:\/\/happysummer.edu.hn\/index.php?rest_route=\/wp\/v2\/types\/page"}],"author":[{"embeddable":true,"href":"https:\/\/happysummer.edu.hn\/index.php?rest_route=\/wp\/v2\/users\/2"}],"replies":[{"embeddable":true,"href":"https:\/\/happysummer.edu.hn\/index.php?rest_route=%2Fwp%2Fv2%2Fcomments&post=941"}],"version-history":[{"count":4,"href":"https:\/\/happysummer.edu.hn\/index.php?rest_route=\/wp\/v2\/pages\/941\/revisions"}],"predecessor-version":[{"id":3283,"href":"https:\/\/happysummer.edu.hn\/index.php?rest_route=\/wp\/v2\/pages\/941\/revisions\/3283"}],"wp:attachment":[{"href":"https:\/\/happysummer.edu.hn\/index.php?rest_route=%2Fwp%2Fv2%2Fmedia&parent=941"}],"curies":[{"name":"wp","href":"https:\/\/api.w.org\/{rel}","templated":true}]}}