{"id":574,"date":"2024-10-21T04:03:50","date_gmt":"2024-10-21T04:03:50","guid":{"rendered":"https:\/\/happysummer.edu.hn\/?page_id=574"},"modified":"2025-11-13T16:03:28","modified_gmt":"2025-11-13T16:03:28","slug":"vision","status":"publish","type":"page","link":"https:\/\/happysummer.edu.hn\/?page_id=574","title":{"rendered":"Vision"},"content":{"rendered":"<p>A corto y mediano plazo, nos consolidaremos como una instituci\u00f3n educativa de referencia, reconocida por su excelencia acad\u00e9mica y por competir en los m\u00e1s altos est\u00e1ndares internacionales. Nos comprometemos a ofrecer una educaci\u00f3n integral que fomente no solo el desarrollo intelectual, sino tambi\u00e9n el crecimiento personal, emocional y social de nuestros alumnos. A trav\u00e9s de un enfoque innovador y din\u00e1mico, buscaremos formar l\u00edderes comprometidos con su entorno, con capacidad cr\u00edtica y creativa, preparados para afrontar los desaf\u00edos del mundo globalizado con \u00e9tica, responsabilidad y una s\u00f3lida base de conocimientos.<\/p>\n","protected":false},"excerpt":{"rendered":"<p>A corto y mediano plazo, nos consolidaremos como una instituci\u00f3n educativa de referencia, reconocida por su excelencia acad\u00e9mica y por competir en los m\u00e1s altos est\u00e1ndares internacionales. Nos comprometemos a ofrecer una educaci\u00f3n integral que fomente no solo el desarrollo intelectual, sino tambi\u00e9n el crecimiento personal, emocional y social de nuestros alumnos. A trav\u00e9s de&hellip;<\/p>\n","protected":false},"author":1,"featured_media":0,"parent":0,"menu_order":0,"comment_status":"closed","ping_status":"closed","template":"","meta":{"footnotes":""},"class_list":["post-574","page","type-page","status-publish","hentry"],"_links":{"self":[{"href":"https:\/\/happysummer.edu.hn\/index.php?rest_route=\/wp\/v2\/pages\/574","targetHints":{"allow":["GET"]}}],"collection":[{"href":"https:\/\/happysummer.edu.hn\/index.php?rest_route=\/wp\/v2\/pages"}],"about":[{"href":"https:\/\/happysummer.edu.hn\/index.php?rest_route=\/wp\/v2\/types\/page"}],"author":[{"embeddable":true,"href":"https:\/\/happysummer.edu.hn\/index.php?rest_route=\/wp\/v2\/users\/1"}],"replies":[{"embeddable":true,"href":"https:\/\/happysummer.edu.hn\/index.php?rest_route=%2Fwp%2Fv2%2Fcomments&post=574"}],"version-history":[{"count":3,"href":"https:\/\/happysummer.edu.hn\/index.php?rest_route=\/wp\/v2\/pages\/574\/revisions"}],"predecessor-version":[{"id":604,"href":"https:\/\/happysummer.edu.hn\/index.php?rest_route=\/wp\/v2\/pages\/574\/revisions\/604"}],"wp:attachment":[{"href":"https:\/\/happysummer.edu.hn\/index.php?rest_route=%2Fwp%2Fv2%2Fmedia&parent=574"}],"curies":[{"name":"wp","href":"https:\/\/api.w.org\/{rel}","templated":true}]}}