{"id":393,"date":"2024-10-07T22:59:35","date_gmt":"2024-10-07T22:59:35","guid":{"rendered":"https:\/\/happysummer.edu.hn\/?page_id=393"},"modified":"2024-10-18T02:46:19","modified_gmt":"2024-10-18T02:46:19","slug":"about-us","status":"publish","type":"page","link":"https:\/\/happysummer.edu.hn\/?page_id=393","title":{"rendered":"About us!"},"content":{"rendered":"\t\t<div data-elementor-type=\"wp-page\" data-elementor-id=\"393\" class=\"elementor elementor-393\">\n\t\t\t\t<div class=\"elementor-element elementor-element-28eab233 e-flex e-con-boxed e-con e-parent\" data-id=\"28eab233\" data-element_type=\"container\" data-e-type=\"container\">\n\t\t\t\t\t<div class=\"e-con-inner\">\n\t\t\t\t<div class=\"elementor-element elementor-element-40d0d64e elementor-widget elementor-widget-text-editor\" data-id=\"40d0d64e\" data-element_type=\"widget\" data-e-type=\"widget\" data-widget_type=\"text-editor.default\">\n\t\t\t\t<div class=\"elementor-widget-container\">\n\t\t\t\t\t\t\t\t\t<p><\/p>\n<p class=\"has-text-align-left\">El Jard\u00edn de Ni\u00f1os Lomas de Toncont\u00edn, nace el 18 de Enero de 1991 por iniciativa de los esposos Jos\u00e9 Franklin Barahona e Iris de Barahona como alternativa para que las residenciales de la zona sur del pa\u00eds contaran con una instituci\u00f3n privada de f\u00e1cil acceso.&nbsp;<\/p><p class=\"has-text-align-left\">Su primera Directora fue la Licenciada Wendy&nbsp;Barahona, una de las precursoras de la instituci\u00f3n.&nbsp;<\/p><p class=\"has-text-align-left\">Ella fue quien redact\u00f3 toda la documentaci\u00f3n&nbsp;necesaria para su apertura y funcionamiento, obteni\u00e9ndose el acuerdo provisional n\u00famero 0662-Sept-91 v\u00e1lido por 2 a\u00f1os. Posteriormente sigui\u00f3 los tr\u00e1mites para lograr el acuerdo definitivo para su&nbsp;funcionamiento legal, logrando obtener el acuerdo n\u00famero 1728-SEP-93 a trav\u00e9s del Apoderado Legal de la Instituci\u00f3n el Abogado y Notario Jos\u00e9 Franklin Barahona, siguiendo la visi\u00f3n de ser la Instituci\u00f3n&nbsp;Educativa con excelencia acad\u00e9mica, cient\u00edfica y humanista, para la modernizaci\u00f3n de Honduras con una&nbsp;sociedad comprometida con Dios, con la Patria y con la Familia. Se cre\u00f3 en el a\u00f1o 1994 la Escuela Happy&nbsp;Summer School, una instituci\u00f3n biling\u00fce con acuerdo n\u00famero 3357-SEP-96 que respondi\u00f3 a las&nbsp;demandas que debido a las necesidades de manejar el idioma ingl\u00e9s surgieron.<\/p>\n<p>Se inici\u00f3 con una infraestructura de 6 aulas, 2 ba\u00f1os y una caseta administrada por la se\u00f1ora Iris de&nbsp;Barahona y una peque\u00f1a \u00e1rea de juego. En el a\u00f1o 1996 se amplia los horizontes de la Instituci\u00f3n&nbsp;abriendo una nueva infraestructura en Aldea La Ca\u00f1ada, anillo perif\u00e9rico.<\/p>\n<p>Para el a\u00f1o 2005 se sube un pelda\u00f1o m\u00e1s implementando Educaci\u00f3n Media con el acuerdo&nbsp;provisional 3780-SE-07, dando una oportunidad a los alumnos que quieren superarse en la modalidad.<\/p>\n<p>En la actualidad hemos graduado 9 generaciones en Bachilleres en Ciencias y Humanidades,&nbsp;comprometi\u00e9ndonos en seguir adelante formando ciudadanos preparados para el buen&nbsp;desenvolvimiento en la sociedad.<\/p>\n<p><\/p>\n<p><\/p>\n<p><\/p>\t\t\t\t\t\t\t\t<\/div>\n\t\t\t\t<\/div>\n\t\t\t\t\t<\/div>\n\t\t\t\t<\/div>\n\t\t\t\t<\/div>\n\t\t","protected":false},"excerpt":{"rendered":"<p>El Jard\u00edn de Ni\u00f1os Lomas de Toncont\u00edn, nace el 18 de Enero de 1991 por iniciativa de los esposos Jos\u00e9 Franklin Barahona e Iris de Barahona como alternativa para que las residenciales de la zona sur del pa\u00eds contaran con una instituci\u00f3n privada de f\u00e1cil acceso.&nbsp; Su primera Directora fue la Licenciada Wendy&nbsp;Barahona, una de&hellip;<\/p>\n","protected":false},"author":1,"featured_media":0,"parent":0,"menu_order":0,"comment_status":"closed","ping_status":"closed","template":"","meta":{"footnotes":""},"class_list":["post-393","page","type-page","status-publish","hentry"],"_links":{"self":[{"href":"https:\/\/happysummer.edu.hn\/index.php?rest_route=\/wp\/v2\/pages\/393","targetHints":{"allow":["GET"]}}],"collection":[{"href":"https:\/\/happysummer.edu.hn\/index.php?rest_route=\/wp\/v2\/pages"}],"about":[{"href":"https:\/\/happysummer.edu.hn\/index.php?rest_route=\/wp\/v2\/types\/page"}],"author":[{"embeddable":true,"href":"https:\/\/happysummer.edu.hn\/index.php?rest_route=\/wp\/v2\/users\/1"}],"replies":[{"embeddable":true,"href":"https:\/\/happysummer.edu.hn\/index.php?rest_route=%2Fwp%2Fv2%2Fcomments&post=393"}],"version-history":[{"count":5,"href":"https:\/\/happysummer.edu.hn\/index.php?rest_route=\/wp\/v2\/pages\/393\/revisions"}],"predecessor-version":[{"id":565,"href":"https:\/\/happysummer.edu.hn\/index.php?rest_route=\/wp\/v2\/pages\/393\/revisions\/565"}],"wp:attachment":[{"href":"https:\/\/happysummer.edu.hn\/index.php?rest_route=%2Fwp%2Fv2%2Fmedia&parent=393"}],"curies":[{"name":"wp","href":"https:\/\/api.w.org\/{rel}","templated":true}]}}